{"id":118,"date":"2020-09-12T14:21:30","date_gmt":"2020-09-12T12:21:30","guid":{"rendered":"https:\/\/aikidometz.fr\/?page_id=118"},"modified":"2021-09-01T13:06:56","modified_gmt":"2021-09-01T11:06:56","slug":"actualites","status":"publish","type":"page","link":"https:\/\/aikidometz.fr\/?page_id=118","title":{"rendered":"Actualit\u00e9s"},"content":{"rendered":"\n<p><\/p>\n\n\n<ul class=\"wp-block-latest-posts__list alignfull wp-block-latest-posts\"><li><a class=\"wp-block-latest-posts__post-title\" href=\"https:\/\/aikidometz.fr\/?p=273\">Saison 2024-2025<\/a><div class=\"wp-block-latest-posts__post-full-content\"><!-- wp:paragraph -->\n<p>Les cours ont repris Lundi 2 Septembre aux ar\u00e8nes de Metz.<br><br>Cette saison nous avons de nouveaux horaires : <br>&#8211; Lundi de 20h30 \u00e0 22h<br>&#8211; Vendredi de 21h \u00e0 22h <br>&#8211; Dimanche de 9h \u00e0 11h15 les Dimanche pour les Adultes et de 10h \u00e0 11h15 pour les enfants<\/p>\n<!-- \/wp:paragraph --><\/div><\/li>\n<li><a class=\"wp-block-latest-posts__post-title\" href=\"https:\/\/aikidometz.fr\/?p=261\">Saison 2023-2024<\/a><div class=\"wp-block-latest-posts__post-full-content\"><!-- wp:paragraph -->\n<p>Les cours reprendront \u00e0 partir du Mardi 5 Septembre aux ar\u00e8nes aux horaires habituels : 21h \u00e0 22h les Mardi et Vendredi et de 9h \u00e0 11h15 les Dimanche pour les Adultes. Pour les cours enfants, la reprise se fera le 17 Septembre de 10h \u00e0 11h15<\/p>\n<!-- \/wp:paragraph -->\n\n<!-- wp:paragraph -->\n<p><\/p>\n<!-- \/wp:paragraph --><\/div><\/li>\n<li><a class=\"wp-block-latest-posts__post-title\" href=\"https:\/\/aikidometz.fr\/?p=240\">A\u00efkido : Stage interclub le 10\/10\/2021<\/a><div class=\"wp-block-latest-posts__post-full-content\"><!-- wp:paragraph -->\n<p>Inter-club avec Bar Aikido Ryu! Un moment de pratique conviviale! Ouvert \u00e0 tous les pratiquants, venez nombreux<\/p>\n<!-- \/wp:paragraph -->\n\n<!-- wp:image {\"id\":246,\"sizeSlug\":\"large\",\"linkDestination\":\"none\"} -->\n<figure class=\"wp-block-image size-large\"><img decoding=\"async\" loading=\"lazy\" width=\"724\" height=\"1024\" src=\"https:\/\/aikidometz.fr\/wp-content\/uploads\/2021\/09\/aikido-metz-Interclub-octobre-21-724x1024.jpg\" alt=\"\" class=\"wp-image-246\" srcset=\"https:\/\/aikidometz.fr\/wp-content\/uploads\/2021\/09\/aikido-metz-Interclub-octobre-21-724x1024.jpg 724w, https:\/\/aikidometz.fr\/wp-content\/uploads\/2021\/09\/aikido-metz-Interclub-octobre-21-212x300.jpg 212w, https:\/\/aikidometz.fr\/wp-content\/uploads\/2021\/09\/aikido-metz-Interclub-octobre-21-768x1086.jpg 768w, https:\/\/aikidometz.fr\/wp-content\/uploads\/2021\/09\/aikido-metz-Interclub-octobre-21-1086x1536.jpg 1086w, https:\/\/aikidometz.fr\/wp-content\/uploads\/2021\/09\/aikido-metz-Interclub-octobre-21.jpg 1240w\" sizes=\"(max-width: 724px) 100vw, 724px\" \/><\/figure>\n<!-- \/wp:image --><\/div><\/li>\n<li><a class=\"wp-block-latest-posts__post-title\" href=\"https:\/\/aikidometz.fr\/?p=237\">A\u00efkido : Enfin la reprise !<\/a><div class=\"wp-block-latest-posts__post-full-content\"><!-- wp:paragraph -->\n<p>Enfin la reprise le dimanche 5 septembre ! Tout le monde est le bienvenu, enfants et parents pour d\u00e9couvrir ou pratiquer cet art martial.<\/p>\n<!-- \/wp:paragraph -->\n\n<!-- wp:paragraph -->\n<p>Elle se fera non pas dans notre dojo des Ar\u00e8nes mais au gymnase du\u00a0<strong>199 rue Andr\u00e9 Malraux \u00e0 Metz<\/strong>.<\/p>\n<!-- \/wp:paragraph -->\n\n<!-- wp:image {\"id\":244,\"sizeSlug\":\"large\",\"linkDestination\":\"none\"} -->\n<figure class=\"wp-block-image size-large\"><img decoding=\"async\" loading=\"lazy\" width=\"1024\" height=\"722\" src=\"https:\/\/aikidometz.fr\/wp-content\/uploads\/2021\/09\/aikido-metz-reprise-21-1024x722.jpg\" alt=\"\" class=\"wp-image-244\" srcset=\"https:\/\/aikidometz.fr\/wp-content\/uploads\/2021\/09\/aikido-metz-reprise-21-1024x722.jpg 1024w, https:\/\/aikidometz.fr\/wp-content\/uploads\/2021\/09\/aikido-metz-reprise-21-300x211.jpg 300w, https:\/\/aikidometz.fr\/wp-content\/uploads\/2021\/09\/aikido-metz-reprise-21-768x541.jpg 768w, https:\/\/aikidometz.fr\/wp-content\/uploads\/2021\/09\/aikido-metz-reprise-21.jpg 1240w\" sizes=\"(max-width: 1024px) 100vw, 1024px\" \/><\/figure>\n<!-- \/wp:image -->\n\n<!-- wp:gallery {\"linkTo\":\"none\"} -->\n<figure class=\"wp-block-gallery columns-0 is-cropped\"><ul class=\"blocks-gallery-grid\"><\/ul><\/figure>\n<!-- \/wp:gallery --><\/div><\/li>\n<li><a class=\"wp-block-latest-posts__post-title\" href=\"https:\/\/aikidometz.fr\/?p=214\">Reprise des cours enfants<\/a><div class=\"wp-block-latest-posts__post-full-content\"><!-- wp:image {\"align\":\"center\",\"id\":215,\"width\":404,\"height\":270,\"sizeSlug\":\"full\",\"linkDestination\":\"none\",\"className\":\"is-style-rounded\"} -->\n<div class=\"wp-block-image is-style-rounded\"><figure class=\"aligncenter size-full is-resized\"><img decoding=\"async\" loading=\"lazy\" src=\"https:\/\/aikidometz.fr\/wp-content\/uploads\/2021\/05\/DSC06340.jpg\" alt=\"\" class=\"wp-image-215\" width=\"404\" height=\"270\" srcset=\"https:\/\/aikidometz.fr\/wp-content\/uploads\/2021\/05\/DSC06340.jpg 1616w, https:\/\/aikidometz.fr\/wp-content\/uploads\/2021\/05\/DSC06340-300x200.jpg 300w, https:\/\/aikidometz.fr\/wp-content\/uploads\/2021\/05\/DSC06340-1024x684.jpg 1024w, https:\/\/aikidometz.fr\/wp-content\/uploads\/2021\/05\/DSC06340-768x513.jpg 768w, https:\/\/aikidometz.fr\/wp-content\/uploads\/2021\/05\/DSC06340-1536x1027.jpg 1536w\" sizes=\"(max-width: 404px) 100vw, 404px\" \/><figcaption>Apr\u00e8s une longue pause les enfants ont \u00e0 nouveau pu fouler le tatami&#8230;<\/figcaption><\/figure><\/div>\n<!-- \/wp:image -->\n\n<!-- wp:image {\"align\":\"center\",\"id\":216,\"width\":270,\"height\":404,\"sizeSlug\":\"full\",\"linkDestination\":\"none\",\"className\":\"is-style-rounded\"} -->\n<div class=\"wp-block-image is-style-rounded\"><figure class=\"aligncenter size-full is-resized\"><img decoding=\"async\" loading=\"lazy\" src=\"https:\/\/aikidometz.fr\/wp-content\/uploads\/2021\/05\/DSC06327-rotated.jpg\" alt=\"\" class=\"wp-image-216\" width=\"270\" height=\"404\" srcset=\"https:\/\/aikidometz.fr\/wp-content\/uploads\/2021\/05\/DSC06327-rotated.jpg 1080w, https:\/\/aikidometz.fr\/wp-content\/uploads\/2021\/05\/DSC06327-200x300.jpg 200w, https:\/\/aikidometz.fr\/wp-content\/uploads\/2021\/05\/DSC06327-684x1024.jpg 684w, https:\/\/aikidometz.fr\/wp-content\/uploads\/2021\/05\/DSC06327-768x1149.jpg 768w, https:\/\/aikidometz.fr\/wp-content\/uploads\/2021\/05\/DSC06327-1027x1536.jpg 1027w\" sizes=\"(max-width: 270px) 100vw, 270px\" \/><figcaption>&#8230; et pratiquer avec Gilles sensei (ici : Shiho Nage) &#8230;<\/figcaption><\/figure><\/div>\n<!-- \/wp:image -->\n\n<!-- wp:image {\"align\":\"center\",\"id\":217,\"width\":404,\"height\":270,\"sizeSlug\":\"full\",\"linkDestination\":\"none\",\"className\":\"is-style-default\"} -->\n<div class=\"wp-block-image is-style-default\"><figure class=\"aligncenter size-full is-resized\"><img decoding=\"async\" loading=\"lazy\" src=\"https:\/\/aikidometz.fr\/wp-content\/uploads\/2021\/05\/DSC06362.jpg\" alt=\"\" class=\"wp-image-217\" width=\"404\" height=\"270\" srcset=\"https:\/\/aikidometz.fr\/wp-content\/uploads\/2021\/05\/DSC06362.jpg 1616w, https:\/\/aikidometz.fr\/wp-content\/uploads\/2021\/05\/DSC06362-300x200.jpg 300w, https:\/\/aikidometz.fr\/wp-content\/uploads\/2021\/05\/DSC06362-1024x684.jpg 1024w, https:\/\/aikidometz.fr\/wp-content\/uploads\/2021\/05\/DSC06362-768x513.jpg 768w, https:\/\/aikidometz.fr\/wp-content\/uploads\/2021\/05\/DSC06362-1536x1027.jpg 1536w\" sizes=\"(max-width: 404px) 100vw, 404px\" \/><\/figure><\/div>\n<!-- \/wp:image -->\n\n<!-- wp:paragraph -->\n<p><\/p>\n<!-- \/wp:paragraph --><\/div><\/li>\n<\/ul>","protected":false},"excerpt":{"rendered":"","protected":false},"author":2,"featured_media":0,"parent":0,"menu_order":0,"comment_status":"closed","ping_status":"closed","template":"","meta":{"footnotes":""},"_links":{"self":[{"href":"https:\/\/aikidometz.fr\/index.php?rest_route=\/wp\/v2\/pages\/118"}],"collection":[{"href":"https:\/\/aikidometz.fr\/index.php?rest_route=\/wp\/v2\/pages"}],"about":[{"href":"https:\/\/aikidometz.fr\/index.php?rest_route=\/wp\/v2\/types\/page"}],"author":[{"embeddable":true,"href":"https:\/\/aikidometz.fr\/index.php?rest_route=\/wp\/v2\/users\/2"}],"replies":[{"embeddable":true,"href":"https:\/\/aikidometz.fr\/index.php?rest_route=%2Fwp%2Fv2%2Fcomments&post=118"}],"version-history":[{"count":4,"href":"https:\/\/aikidometz.fr\/index.php?rest_route=\/wp\/v2\/pages\/118\/revisions"}],"predecessor-version":[{"id":257,"href":"https:\/\/aikidometz.fr\/index.php?rest_route=\/wp\/v2\/pages\/118\/revisions\/257"}],"wp:attachment":[{"href":"https:\/\/aikidometz.fr\/index.php?rest_route=%2Fwp%2Fv2%2Fmedia&parent=118"}],"curies":[{"name":"wp","href":"https:\/\/api.w.org\/{rel}","templated":true}]}}